{"id":1571,"date":"2024-06-21T11:33:55","date_gmt":"2024-06-21T09:33:55","guid":{"rendered":"http:\/\/ptsop.org.pl\/?page_id=1571"},"modified":"2024-07-03T11:00:52","modified_gmt":"2024-07-03T09:00:52","slug":"bez-granic","status":"publish","type":"page","link":"https:\/\/ptsop.org.pl\/en\/bez-granic\/","title":{"rendered":"Without borders"},"content":{"rendered":"<div data-elementor-type=\"wp-page\" data-elementor-id=\"1571\" class=\"elementor elementor-1571\" data-elementor-post-type=\"page\">\n\t\t\t\t<div data-particle_enable=\"false\" data-particle-mobile-disabled=\"false\" class=\"elementor-element elementor-element-b24f388 e-flex e-con-boxed e-con e-parent\" data-id=\"b24f388\" data-element_type=\"container\" data-settings=\"{&quot;background_background&quot;:&quot;classic&quot;}\">\n\t\t\t\t\t<div class=\"e-con-inner\">\n\t\t<div data-particle_enable=\"false\" data-particle-mobile-disabled=\"false\" class=\"elementor-element elementor-element-913a161 e-con-full e-flex e-con e-child\" data-id=\"913a161\" data-element_type=\"container\">\n\t\t\t\t<\/div>\n\t\t\t\t\t<\/div>\n\t\t\t\t<\/div>\n\t\t<div data-particle_enable=\"false\" data-particle-mobile-disabled=\"false\" class=\"elementor-element elementor-element-a101f00 e-flex e-con-boxed e-con e-parent\" data-id=\"a101f00\" data-element_type=\"container\">\n\t\t\t\t\t<div class=\"e-con-inner\">\n\t\t<div data-particle_enable=\"false\" data-particle-mobile-disabled=\"false\" class=\"elementor-element elementor-element-2c4d856 e-con-full e-flex e-con e-child\" data-id=\"2c4d856\" data-element_type=\"container\" data-settings=\"{&quot;background_background&quot;:&quot;classic&quot;}\">\n\t\t\t\t<div class=\"elementor-element elementor-element-7918f7e elementor-widget elementor-widget-text-editor\" data-id=\"7918f7e\" data-element_type=\"widget\" data-widget_type=\"text-editor.default\">\n\t\t\t\t<div class=\"elementor-widget-container\">\n\t\t\t\t\t\t\t<p class=\" translation-block\"><strong>Nature is our common good, regardless of the boundaries that divide us.<\/strong> To support efforts for its protection, <span style=\"color: #54b435\">the International Ranger Federation was established in 1992<\/span>, bringing together local organizations of nature protection workers from all continents. <img loading=\"lazy\" class=\"size-full wp-image-10 alignright\" src=\"https:\/\/ptsop.org.pl\/wp-content\/uploads\/2024\/06\/Logo.png\" alt=\"\" width=\"100\" height=\"94\"> <span style=\"color: #54b435\">In 2000, at the congress in South Africa, the IRF Federation adopted a declaration of the qualities of a good Ranger. Fully identifying with the mission and work of the International Ranger Federation, PTSOP has already begun the process of joining its structures.<\/span> The introducing association is the <strong>Verband der \u00d6sterreichischen Nationalparkbetreuer Innen (Austrian Ranger organization).<\/strong><\/p>\t\t\t\t\t\t<\/div>\n\t\t\t\t<\/div>\n\t\t\t\t<div class=\"elementor-element elementor-element-e414f16 elementor-widget elementor-widget-text-editor\" data-id=\"e414f16\" data-element_type=\"widget\" data-widget_type=\"text-editor.default\">\n\t\t\t\t<div class=\"elementor-widget-container\">\n\t\t\t\t\t\t\t<p>As a member of IRF, our Society can benefit from the experiences, knowledge, and collaborative support of partner organizations worldwide. Personal contacts can also be facilitated more easily, whether through online means or during mutual visits.<\/p>\t\t\t\t\t\t<\/div>\n\t\t\t\t<\/div>\n\t\t\t\t<\/div>\n\t\t\t\t\t<\/div>\n\t\t\t\t<\/div>\n\t\t\t\t<\/div>","protected":false},"excerpt":{"rendered":"<p>Przyroda jest naszym wsp\u00f3lnym dobrem niezale\u017cnie od tego, jakie granice nas dziel\u0105. W celu wspierania wysi\u0142k\u00f3w na rzecz jej ochrony w roku 1992 powo\u0142ana zosta\u0142a International Ranger Federation skupiaj\u0105ca lokalne organizacje pracownik\u00f3w s\u0142u\u017cb ochrony przyrody ze wszystkich kontynent\u00f3w. W 2000 roku, na kongresie w RPA, Federacja IRF przyj\u0119\u0142a deklaracj\u0119 cech dobrego Ranger\u2019a. PTSOP, w pe\u0142ni [&hellip;]<\/p>","protected":false},"author":1,"featured_media":0,"parent":0,"menu_order":0,"comment_status":"closed","ping_status":"closed","template":"","meta":{"site-sidebar-layout":"no-sidebar","site-content-layout":"page-builder","ast-site-content-layout":"full-width-container","site-content-style":"default","site-sidebar-style":"default","ast-global-header-display":"","ast-banner-title-visibility":"","ast-main-header-display":"","ast-hfb-above-header-display":"","ast-hfb-below-header-display":"","ast-hfb-mobile-header-display":"","site-post-title":"disabled","ast-breadcrumbs-content":"","ast-featured-img":"disabled","footer-sml-layout":"","theme-transparent-header-meta":"","adv-header-id-meta":"","stick-header-meta":"","header-above-stick-meta":"","header-main-stick-meta":"","header-below-stick-meta":"","astra-migrate-meta-layouts":"set","ast-page-background-enabled":"default","ast-page-background-meta":{"desktop":{"background-color":"var(--ast-global-color-4)","background-image":"","background-repeat":"repeat","background-position":"center center","background-size":"auto","background-attachment":"scroll","background-type":"","background-media":"","overlay-type":"","overlay-color":"","overlay-opacity":"","overlay-gradient":""},"tablet":{"background-color":"","background-image":"","background-repeat":"repeat","background-position":"center center","background-size":"auto","background-attachment":"scroll","background-type":"","background-media":"","overlay-type":"","overlay-color":"","overlay-opacity":"","overlay-gradient":""},"mobile":{"background-color":"","background-image":"","background-repeat":"repeat","background-position":"center center","background-size":"auto","background-attachment":"scroll","background-type":"","background-media":"","overlay-type":"","overlay-color":"","overlay-opacity":"","overlay-gradient":""}},"ast-content-background-meta":{"desktop":{"background-color":"var(--ast-global-color-5)","background-image":"","background-repeat":"repeat","background-position":"center center","background-size":"auto","background-attachment":"scroll","background-type":"","background-media":"","overlay-type":"","overlay-color":"","overlay-opacity":"","overlay-gradient":""},"tablet":{"background-color":"var(--ast-global-color-5)","background-image":"","background-repeat":"repeat","background-position":"center center","background-size":"auto","background-attachment":"scroll","background-type":"","background-media":"","overlay-type":"","overlay-color":"","overlay-opacity":"","overlay-gradient":""},"mobile":{"background-color":"var(--ast-global-color-5)","background-image":"","background-repeat":"repeat","background-position":"center center","background-size":"auto","background-attachment":"scroll","background-type":"","background-media":"","overlay-type":"","overlay-color":"","overlay-opacity":"","overlay-gradient":""}},"footnotes":""},"class_list":["post-1571","page","type-page","status-publish","hentry"],"yoast_head":"<!-- This site is optimized with the Yoast SEO plugin v23.6 - https:\/\/yoast.com\/wordpress\/plugins\/seo\/ -->\n<title>Bez granic - Polskie Towarzystwo S\u0142u\u017cb Ochrony Przyrody<\/title>\n<meta name=\"robots\" content=\"index, follow, max-snippet:-1, max-image-preview:large, max-video-preview:-1\" \/>\n<link rel=\"canonical\" href=\"http:\/\/ptsop.org.pl\/en\/bez-granic\/\" \/>\n<meta property=\"og:locale\" content=\"en_US\" \/>\n<meta property=\"og:type\" content=\"article\" \/>\n<meta property=\"og:title\" content=\"Bez granic - Polskie Towarzystwo S\u0142u\u017cb Ochrony Przyrody\" \/>\n<meta property=\"og:description\" content=\"Przyroda jest naszym wsp\u00f3lnym dobrem niezale\u017cnie od tego, jakie granice nas dziel\u0105. W celu wspierania wysi\u0142k\u00f3w na rzecz jej ochrony w roku 1992 powo\u0142ana zosta\u0142a International Ranger Federation skupiaj\u0105ca lokalne organizacje pracownik\u00f3w s\u0142u\u017cb ochrony przyrody ze wszystkich kontynent\u00f3w. W 2000 roku, na kongresie w RPA, Federacja IRF przyj\u0119\u0142a deklaracj\u0119 cech dobrego Ranger\u2019a. PTSOP, w pe\u0142ni [&hellip;]\" \/>\n<meta property=\"og:url\" content=\"http:\/\/ptsop.org.pl\/en\/bez-granic\/\" \/>\n<meta property=\"og:site_name\" content=\"Polskie Towarzystwo S\u0142u\u017cb Ochrony Przyrody\" \/>\n<meta property=\"article:publisher\" content=\"https:\/\/www.facebook.com\/profile.php?id=100083281360529\" \/>\n<meta property=\"article:modified_time\" content=\"2024-07-03T09:00:52+00:00\" \/>\n<meta property=\"og:image\" content=\"https:\/\/ptsop.org.pl\/wp-content\/uploads\/2024\/06\/Logo.png\" \/>\n<meta name=\"twitter:card\" content=\"summary_large_image\" \/>\n<meta name=\"twitter:label1\" content=\"Est. reading time\" \/>\n\t<meta name=\"twitter:data1\" content=\"1 minute\" \/>\n<script type=\"application\/ld+json\" class=\"yoast-schema-graph\">{\"@context\":\"https:\/\/schema.org\",\"@graph\":[{\"@type\":\"WebPage\",\"@id\":\"http:\/\/ptsop.org.pl\/en\/bez-granic\/\",\"url\":\"http:\/\/ptsop.org.pl\/en\/bez-granic\/\",\"name\":\"Bez granic - Polskie Towarzystwo S\u0142u\u017cb Ochrony Przyrody\",\"isPartOf\":{\"@id\":\"https:\/\/ptsop.org.pl\/#website\"},\"primaryImageOfPage\":{\"@id\":\"http:\/\/ptsop.org.pl\/en\/bez-granic\/#primaryimage\"},\"image\":{\"@id\":\"http:\/\/ptsop.org.pl\/en\/bez-granic\/#primaryimage\"},\"thumbnailUrl\":\"https:\/\/ptsop.org.pl\/wp-content\/uploads\/2024\/06\/Logo.png\",\"datePublished\":\"2024-06-21T09:33:55+00:00\",\"dateModified\":\"2024-07-03T09:00:52+00:00\",\"breadcrumb\":{\"@id\":\"http:\/\/ptsop.org.pl\/en\/bez-granic\/#breadcrumb\"},\"inLanguage\":\"en-US\",\"potentialAction\":[{\"@type\":\"ReadAction\",\"target\":[\"http:\/\/ptsop.org.pl\/en\/bez-granic\/\"]}]},{\"@type\":\"ImageObject\",\"inLanguage\":\"en-US\",\"@id\":\"http:\/\/ptsop.org.pl\/en\/bez-granic\/#primaryimage\",\"url\":\"https:\/\/ptsop.org.pl\/wp-content\/uploads\/2024\/06\/Logo.png\",\"contentUrl\":\"https:\/\/ptsop.org.pl\/wp-content\/uploads\/2024\/06\/Logo.png\"},{\"@type\":\"BreadcrumbList\",\"@id\":\"http:\/\/ptsop.org.pl\/en\/bez-granic\/#breadcrumb\",\"itemListElement\":[{\"@type\":\"ListItem\",\"position\":1,\"name\":\"Strona g\u0142\u00f3wna\",\"item\":\"https:\/\/ptsop.org.pl\/\"},{\"@type\":\"ListItem\",\"position\":2,\"name\":\"Bez granic\"}]},{\"@type\":\"WebSite\",\"@id\":\"https:\/\/ptsop.org.pl\/#website\",\"url\":\"https:\/\/ptsop.org.pl\/\",\"name\":\"Polskie Towarzystwo S\u0142u\u017cb Ochrony Przyrody\",\"description\":\"\",\"publisher\":{\"@id\":\"https:\/\/ptsop.org.pl\/#organization\"},\"potentialAction\":[{\"@type\":\"SearchAction\",\"target\":{\"@type\":\"EntryPoint\",\"urlTemplate\":\"https:\/\/ptsop.org.pl\/?s={search_term_string}\"},\"query-input\":{\"@type\":\"PropertyValueSpecification\",\"valueRequired\":true,\"valueName\":\"search_term_string\"}}],\"inLanguage\":\"en-US\"},{\"@type\":\"Organization\",\"@id\":\"https:\/\/ptsop.org.pl\/#organization\",\"name\":\"Polskie Towarzystwo S\u0142u\u017cb Ochrony Przyrody\",\"url\":\"https:\/\/ptsop.org.pl\/\",\"logo\":{\"@type\":\"ImageObject\",\"inLanguage\":\"en-US\",\"@id\":\"https:\/\/ptsop.org.pl\/#\/schema\/logo\/image\/\",\"url\":\"https:\/\/ptsop.org.pl\/wp-content\/uploads\/2024\/06\/Logo.png\",\"contentUrl\":\"https:\/\/ptsop.org.pl\/wp-content\/uploads\/2024\/06\/Logo.png\",\"width\":100,\"height\":94,\"caption\":\"Polskie Towarzystwo S\u0142u\u017cb Ochrony Przyrody\"},\"image\":{\"@id\":\"https:\/\/ptsop.org.pl\/#\/schema\/logo\/image\/\"},\"sameAs\":[\"https:\/\/www.facebook.com\/profile.php?id=100083281360529\"]}]}<\/script>\n<!-- \/ Yoast SEO plugin. -->","yoast_head_json":{"title":"Bez granic - Polskie Towarzystwo S\u0142u\u017cb Ochrony Przyrody","robots":{"index":"index","follow":"follow","max-snippet":"max-snippet:-1","max-image-preview":"max-image-preview:large","max-video-preview":"max-video-preview:-1"},"canonical":"http:\/\/ptsop.org.pl\/en\/bez-granic\/","og_locale":"en_US","og_type":"article","og_title":"Bez granic - Polskie Towarzystwo S\u0142u\u017cb Ochrony Przyrody","og_description":"Przyroda jest naszym wsp\u00f3lnym dobrem niezale\u017cnie od tego, jakie granice nas dziel\u0105. W celu wspierania wysi\u0142k\u00f3w na rzecz jej ochrony w roku 1992 powo\u0142ana zosta\u0142a International Ranger Federation skupiaj\u0105ca lokalne organizacje pracownik\u00f3w s\u0142u\u017cb ochrony przyrody ze wszystkich kontynent\u00f3w. W 2000 roku, na kongresie w RPA, Federacja IRF przyj\u0119\u0142a deklaracj\u0119 cech dobrego Ranger\u2019a. PTSOP, w pe\u0142ni [&hellip;]","og_url":"http:\/\/ptsop.org.pl\/en\/bez-granic\/","og_site_name":"Polskie Towarzystwo S\u0142u\u017cb Ochrony Przyrody","article_publisher":"https:\/\/www.facebook.com\/profile.php?id=100083281360529","article_modified_time":"2024-07-03T09:00:52+00:00","og_image":[{"url":"https:\/\/ptsop.org.pl\/wp-content\/uploads\/2024\/06\/Logo.png"}],"twitter_card":"summary_large_image","twitter_misc":{"Est. reading time":"1 minute"},"schema":{"@context":"https:\/\/schema.org","@graph":[{"@type":"WebPage","@id":"http:\/\/ptsop.org.pl\/en\/bez-granic\/","url":"http:\/\/ptsop.org.pl\/en\/bez-granic\/","name":"Bez granic - Polskie Towarzystwo S\u0142u\u017cb Ochrony Przyrody","isPartOf":{"@id":"https:\/\/ptsop.org.pl\/#website"},"primaryImageOfPage":{"@id":"http:\/\/ptsop.org.pl\/en\/bez-granic\/#primaryimage"},"image":{"@id":"http:\/\/ptsop.org.pl\/en\/bez-granic\/#primaryimage"},"thumbnailUrl":"https:\/\/ptsop.org.pl\/wp-content\/uploads\/2024\/06\/Logo.png","datePublished":"2024-06-21T09:33:55+00:00","dateModified":"2024-07-03T09:00:52+00:00","breadcrumb":{"@id":"http:\/\/ptsop.org.pl\/en\/bez-granic\/#breadcrumb"},"inLanguage":"en-US","potentialAction":[{"@type":"ReadAction","target":["http:\/\/ptsop.org.pl\/en\/bez-granic\/"]}]},{"@type":"ImageObject","inLanguage":"en-US","@id":"http:\/\/ptsop.org.pl\/en\/bez-granic\/#primaryimage","url":"https:\/\/ptsop.org.pl\/wp-content\/uploads\/2024\/06\/Logo.png","contentUrl":"https:\/\/ptsop.org.pl\/wp-content\/uploads\/2024\/06\/Logo.png"},{"@type":"BreadcrumbList","@id":"http:\/\/ptsop.org.pl\/en\/bez-granic\/#breadcrumb","itemListElement":[{"@type":"ListItem","position":1,"name":"Strona g\u0142\u00f3wna","item":"https:\/\/ptsop.org.pl\/"},{"@type":"ListItem","position":2,"name":"Bez granic"}]},{"@type":"WebSite","@id":"https:\/\/ptsop.org.pl\/#website","url":"https:\/\/ptsop.org.pl\/","name":"Polskie Towarzystwo S\u0142u\u017cb Ochrony Przyrody","description":"","publisher":{"@id":"https:\/\/ptsop.org.pl\/#organization"},"potentialAction":[{"@type":"SearchAction","target":{"@type":"EntryPoint","urlTemplate":"https:\/\/ptsop.org.pl\/?s={search_term_string}"},"query-input":{"@type":"PropertyValueSpecification","valueRequired":true,"valueName":"search_term_string"}}],"inLanguage":"en-US"},{"@type":"Organization","@id":"https:\/\/ptsop.org.pl\/#organization","name":"Polskie Towarzystwo S\u0142u\u017cb Ochrony Przyrody","url":"https:\/\/ptsop.org.pl\/","logo":{"@type":"ImageObject","inLanguage":"en-US","@id":"https:\/\/ptsop.org.pl\/#\/schema\/logo\/image\/","url":"https:\/\/ptsop.org.pl\/wp-content\/uploads\/2024\/06\/Logo.png","contentUrl":"https:\/\/ptsop.org.pl\/wp-content\/uploads\/2024\/06\/Logo.png","width":100,"height":94,"caption":"Polskie Towarzystwo S\u0142u\u017cb Ochrony Przyrody"},"image":{"@id":"https:\/\/ptsop.org.pl\/#\/schema\/logo\/image\/"},"sameAs":["https:\/\/www.facebook.com\/profile.php?id=100083281360529"]}]}},"_links":{"self":[{"href":"https:\/\/ptsop.org.pl\/en\/wp-json\/wp\/v2\/pages\/1571","targetHints":{"allow":["GET"]}}],"collection":[{"href":"https:\/\/ptsop.org.pl\/en\/wp-json\/wp\/v2\/pages"}],"about":[{"href":"https:\/\/ptsop.org.pl\/en\/wp-json\/wp\/v2\/types\/page"}],"author":[{"embeddable":true,"href":"https:\/\/ptsop.org.pl\/en\/wp-json\/wp\/v2\/users\/1"}],"replies":[{"embeddable":true,"href":"https:\/\/ptsop.org.pl\/en\/wp-json\/wp\/v2\/comments?post=1571"}],"version-history":[{"count":25,"href":"https:\/\/ptsop.org.pl\/en\/wp-json\/wp\/v2\/pages\/1571\/revisions"}],"predecessor-version":[{"id":3544,"href":"https:\/\/ptsop.org.pl\/en\/wp-json\/wp\/v2\/pages\/1571\/revisions\/3544"}],"wp:attachment":[{"href":"https:\/\/ptsop.org.pl\/en\/wp-json\/wp\/v2\/media?parent=1571"}],"curies":[{"name":"wp","href":"https:\/\/api.w.org\/{rel}","templated":true}]}}