{"id":1573,"date":"2024-06-21T11:34:31","date_gmt":"2024-06-21T09:34:31","guid":{"rendered":"http:\/\/ptsop.org.pl\/?page_id=1573"},"modified":"2024-07-03T15:21:31","modified_gmt":"2024-07-03T13:21:31","slug":"dalsze-informacje","status":"publish","type":"page","link":"https:\/\/ptsop.org.pl\/en\/dalsze-informacje\/","title":{"rendered":"Further information"},"content":{"rendered":"<div data-elementor-type=\"wp-page\" data-elementor-id=\"1573\" class=\"elementor elementor-1573\" data-elementor-post-type=\"page\">\n\t\t\t\t<div data-particle_enable=\"false\" data-particle-mobile-disabled=\"false\" class=\"elementor-element elementor-element-6811e83 e-flex e-con-boxed e-con e-parent\" data-id=\"6811e83\" data-element_type=\"container\" data-settings=\"{&quot;background_background&quot;:&quot;classic&quot;}\">\n\t\t\t\t\t<div class=\"e-con-inner\">\n\t\t<div data-particle_enable=\"false\" data-particle-mobile-disabled=\"false\" class=\"elementor-element elementor-element-7ded9ad e-con-full e-flex e-con e-child\" data-id=\"7ded9ad\" data-element_type=\"container\">\n\t\t\t\t<\/div>\n\t\t\t\t\t<\/div>\n\t\t\t\t<\/div>\n\t\t<div data-particle_enable=\"false\" data-particle-mobile-disabled=\"false\" class=\"elementor-element elementor-element-e7aeb8d e-flex e-con-boxed e-con e-parent\" data-id=\"e7aeb8d\" data-element_type=\"container\">\n\t\t\t\t\t<div class=\"e-con-inner\">\n\t\t<div data-particle_enable=\"false\" data-particle-mobile-disabled=\"false\" class=\"elementor-element elementor-element-04bf7f4 e-con-full e-flex e-con e-child\" data-id=\"04bf7f4\" data-element_type=\"container\" data-settings=\"{&quot;background_background&quot;:&quot;classic&quot;}\">\n\t\t<div data-particle_enable=\"false\" data-particle-mobile-disabled=\"false\" class=\"elementor-element elementor-element-b210fd1 e-con-full e-flex e-con e-child\" data-id=\"b210fd1\" data-element_type=\"container\">\n\t\t<div data-particle_enable=\"false\" data-particle-mobile-disabled=\"false\" class=\"elementor-element elementor-element-f0e3c28 e-con-full e-flex e-con e-child\" data-id=\"f0e3c28\" data-element_type=\"container\">\n\t\t\t\t<div class=\"elementor-element elementor-element-b9b59d8 elementor-widget elementor-widget-image\" data-id=\"b9b59d8\" data-element_type=\"widget\" data-widget_type=\"image.default\">\n\t\t\t\t<div class=\"elementor-widget-container\">\n\t\t\t\t\t\t\t\t\t\t\t\t\t<img fetchpriority=\"high\" decoding=\"async\" width=\"250\" height=\"250\" src=\"https:\/\/ptsop.org.pl\/wp-content\/uploads\/2024\/06\/logo-200x200-1.png\" class=\"attachment-large size-large wp-image-2234\" alt=\"\" srcset=\"https:\/\/ptsop.org.pl\/wp-content\/uploads\/2024\/06\/logo-200x200-1.png 250w, https:\/\/ptsop.org.pl\/wp-content\/uploads\/2024\/06\/logo-200x200-1-150x150.png 150w, https:\/\/ptsop.org.pl\/wp-content\/uploads\/2024\/06\/logo-200x200-1-12x12.png 12w\" sizes=\"(max-width: 250px) 100vw, 250px\" \/>\t\t\t\t\t\t\t\t\t\t\t\t\t<\/div>\n\t\t\t\t<\/div>\n\t\t\t\t<\/div>\n\t\t<div data-particle_enable=\"false\" data-particle-mobile-disabled=\"false\" class=\"elementor-element elementor-element-3832355 e-con-full e-flex e-con e-child\" data-id=\"3832355\" data-element_type=\"container\">\n\t\t\t\t<div class=\"elementor-element elementor-element-893a6c1 elementor-widget elementor-widget-heading\" data-id=\"893a6c1\" data-element_type=\"widget\" data-widget_type=\"heading.default\">\n\t\t\t\t<div class=\"elementor-widget-container\">\n\t\t\t<div class=\"elementor-heading-title elementor-size-default\">PTSOP<\/div>\t\t<\/div>\n\t\t\t\t<\/div>\n\t\t\t\t<div class=\"elementor-element elementor-element-fba0034 elementor-widget elementor-widget-heading\" data-id=\"fba0034\" data-element_type=\"widget\" data-widget_type=\"heading.default\">\n\t\t\t\t<div class=\"elementor-widget-container\">\n\t\t\t<div class=\"elementor-heading-title elementor-size-default\">We have been a member of the International Ranger Federation since 2006.\n<br>\n<span style=\"color: #61ce70\"><strong><a style=\"color: #61ce70\" href=\"https:\/\/www.internationalrangers.org\" target=\"_blank\" rel=\"noopener\">https:\/\/www.internationalrangers.org<\/a><\/strong><\/span><\/div>\t\t<\/div>\n\t\t\t\t<\/div>\n\t\t\t\t<\/div>\n\t\t\t\t<\/div>\n\t\t<div data-particle_enable=\"false\" data-particle-mobile-disabled=\"false\" class=\"elementor-element elementor-element-4ea5c66 e-con-full e-flex e-con e-child\" data-id=\"4ea5c66\" data-element_type=\"container\">\n\t\t<div data-particle_enable=\"false\" data-particle-mobile-disabled=\"false\" class=\"elementor-element elementor-element-eb819e3 e-con-full e-flex e-con e-child\" data-id=\"eb819e3\" data-element_type=\"container\">\n\t\t\t\t<div class=\"elementor-element elementor-element-1a5f9bb elementor-widget elementor-widget-image\" data-id=\"1a5f9bb\" data-element_type=\"widget\" data-widget_type=\"image.default\">\n\t\t\t\t<div class=\"elementor-widget-container\">\n\t\t\t\t\t\t\t\t\t\t\t\t\t<img decoding=\"async\" width=\"80\" height=\"80\" src=\"https:\/\/ptsop.org.pl\/wp-content\/uploads\/2024\/06\/cropped-Logo_ERF_80.png\" class=\"attachment-full size-full wp-image-2235\" alt=\"\" srcset=\"https:\/\/ptsop.org.pl\/wp-content\/uploads\/2024\/06\/cropped-Logo_ERF_80.png 80w, https:\/\/ptsop.org.pl\/wp-content\/uploads\/2024\/06\/cropped-Logo_ERF_80-12x12.png 12w\" sizes=\"(max-width: 80px) 100vw, 80px\" \/>\t\t\t\t\t\t\t\t\t\t\t\t\t<\/div>\n\t\t\t\t<\/div>\n\t\t\t\t<\/div>\n\t\t<div data-particle_enable=\"false\" data-particle-mobile-disabled=\"false\" class=\"elementor-element elementor-element-9aff2ae e-con-full e-flex e-con e-child\" data-id=\"9aff2ae\" data-element_type=\"container\">\n\t\t\t\t<div class=\"elementor-element elementor-element-da0df82 elementor-widget elementor-widget-heading\" data-id=\"da0df82\" data-element_type=\"widget\" data-widget_type=\"heading.default\">\n\t\t\t\t<div class=\"elementor-widget-container\">\n\t\t\t<div class=\"elementor-heading-title elementor-size-default\">PTSOP<\/div>\t\t<\/div>\n\t\t\t\t<\/div>\n\t\t\t\t<div class=\"elementor-element elementor-element-4846a0c elementor-widget elementor-widget-heading\" data-id=\"4846a0c\" data-element_type=\"widget\" data-widget_type=\"heading.default\">\n\t\t\t\t<div class=\"elementor-widget-container\">\n\t\t\t<div class=\"elementor-heading-title elementor-size-default\">We have been a member of the International Ranger Federation since 2006.\n<br>\n<span style=\"color: #61ce70\"><strong><a style=\"color: #61ce70\" href=\"https:\/\/www.internationalrangers.org\" target=\"_blank\" rel=\"noopener\">https:\/\/www.internationalrangers.org<\/a><\/strong><\/span><\/div>\t\t<\/div>\n\t\t\t\t<\/div>\n\t\t\t\t<\/div>\n\t\t\t\t<\/div>\n\t\t\t\t<\/div>\n\t\t\t\t\t<\/div>\n\t\t\t\t<\/div>\n\t\t\t\t<\/div>","protected":false},"excerpt":{"rendered":"<p>PTSOP jest cz\u0142onkiem \u015awiatowej Federacji Rangers\u00f3w od 2006 roku https:\/\/www.internationalrangers.org PTSOP jest cz\u0142onkiem \u015awiatowej Federacji Rangers\u00f3w od 2006 roku https:\/\/www.internationalrangers.org<\/p>","protected":false},"author":1,"featured_media":0,"parent":0,"menu_order":0,"comment_status":"closed","ping_status":"closed","template":"","meta":{"site-sidebar-layout":"no-sidebar","site-content-layout":"page-builder","ast-site-content-layout":"full-width-container","site-content-style":"default","site-sidebar-style":"default","ast-global-header-display":"","ast-banner-title-visibility":"","ast-main-header-display":"","ast-hfb-above-header-display":"","ast-hfb-below-header-display":"","ast-hfb-mobile-header-display":"","site-post-title":"disabled","ast-breadcrumbs-content":"","ast-featured-img":"disabled","footer-sml-layout":"","theme-transparent-header-meta":"","adv-header-id-meta":"","stick-header-meta":"","header-above-stick-meta":"","header-main-stick-meta":"","header-below-stick-meta":"","astra-migrate-meta-layouts":"set","ast-page-background-enabled":"default","ast-page-background-meta":{"desktop":{"background-color":"var(--ast-global-color-4)","background-image":"","background-repeat":"repeat","background-position":"center center","background-size":"auto","background-attachment":"scroll","background-type":"","background-media":"","overlay-type":"","overlay-color":"","overlay-opacity":"","overlay-gradient":""},"tablet":{"background-color":"","background-image":"","background-repeat":"repeat","background-position":"center center","background-size":"auto","background-attachment":"scroll","background-type":"","background-media":"","overlay-type":"","overlay-color":"","overlay-opacity":"","overlay-gradient":""},"mobile":{"background-color":"","background-image":"","background-repeat":"repeat","background-position":"center center","background-size":"auto","background-attachment":"scroll","background-type":"","background-media":"","overlay-type":"","overlay-color":"","overlay-opacity":"","overlay-gradient":""}},"ast-content-background-meta":{"desktop":{"background-color":"var(--ast-global-color-5)","background-image":"","background-repeat":"repeat","background-position":"center center","background-size":"auto","background-attachment":"scroll","background-type":"","background-media":"","overlay-type":"","overlay-color":"","overlay-opacity":"","overlay-gradient":""},"tablet":{"background-color":"var(--ast-global-color-5)","background-image":"","background-repeat":"repeat","background-position":"center center","background-size":"auto","background-attachment":"scroll","background-type":"","background-media":"","overlay-type":"","overlay-color":"","overlay-opacity":"","overlay-gradient":""},"mobile":{"background-color":"var(--ast-global-color-5)","background-image":"","background-repeat":"repeat","background-position":"center center","background-size":"auto","background-attachment":"scroll","background-type":"","background-media":"","overlay-type":"","overlay-color":"","overlay-opacity":"","overlay-gradient":""}},"footnotes":""},"class_list":["post-1573","page","type-page","status-publish","hentry"],"yoast_head":"<!-- This site is optimized with the Yoast SEO plugin v23.6 - https:\/\/yoast.com\/wordpress\/plugins\/seo\/ -->\n<title>Dalsze informacje - Polskie Towarzystwo S\u0142u\u017cb Ochrony Przyrody<\/title>\n<meta name=\"robots\" content=\"index, follow, max-snippet:-1, max-image-preview:large, max-video-preview:-1\" \/>\n<link rel=\"canonical\" href=\"https:\/\/ptsop.org.pl\/en\/dalsze-informacje\/\" \/>\n<meta property=\"og:locale\" content=\"en_US\" \/>\n<meta property=\"og:type\" content=\"article\" \/>\n<meta property=\"og:title\" content=\"Dalsze informacje - Polskie Towarzystwo S\u0142u\u017cb Ochrony Przyrody\" \/>\n<meta property=\"og:description\" content=\"PTSOP jest cz\u0142onkiem \u015awiatowej Federacji Rangers\u00f3w od 2006 roku https:\/\/www.internationalrangers.org PTSOP jest cz\u0142onkiem \u015awiatowej Federacji Rangers\u00f3w od 2006 roku https:\/\/www.internationalrangers.org\" \/>\n<meta property=\"og:url\" content=\"https:\/\/ptsop.org.pl\/en\/dalsze-informacje\/\" \/>\n<meta property=\"og:site_name\" content=\"Polskie Towarzystwo S\u0142u\u017cb Ochrony Przyrody\" \/>\n<meta property=\"article:publisher\" content=\"https:\/\/www.facebook.com\/profile.php?id=100083281360529\" \/>\n<meta property=\"article:modified_time\" content=\"2024-07-03T13:21:31+00:00\" \/>\n<meta property=\"og:image\" content=\"https:\/\/ptsop.org.pl\/wp-content\/uploads\/2024\/06\/logo-200x200-1.png\" \/>\n<meta name=\"twitter:card\" content=\"summary_large_image\" \/>\n<script type=\"application\/ld+json\" class=\"yoast-schema-graph\">{\"@context\":\"https:\/\/schema.org\",\"@graph\":[{\"@type\":\"WebPage\",\"@id\":\"https:\/\/ptsop.org.pl\/dalsze-informacje\/\",\"url\":\"https:\/\/ptsop.org.pl\/dalsze-informacje\/\",\"name\":\"Dalsze informacje - Polskie Towarzystwo S\u0142u\u017cb Ochrony Przyrody\",\"isPartOf\":{\"@id\":\"https:\/\/ptsop.org.pl\/#website\"},\"primaryImageOfPage\":{\"@id\":\"https:\/\/ptsop.org.pl\/dalsze-informacje\/#primaryimage\"},\"image\":{\"@id\":\"https:\/\/ptsop.org.pl\/dalsze-informacje\/#primaryimage\"},\"thumbnailUrl\":\"https:\/\/ptsop.org.pl\/wp-content\/uploads\/2024\/06\/logo-200x200-1.png\",\"datePublished\":\"2024-06-21T09:34:31+00:00\",\"dateModified\":\"2024-07-03T13:21:31+00:00\",\"breadcrumb\":{\"@id\":\"https:\/\/ptsop.org.pl\/dalsze-informacje\/#breadcrumb\"},\"inLanguage\":\"en-US\",\"potentialAction\":[{\"@type\":\"ReadAction\",\"target\":[\"https:\/\/ptsop.org.pl\/dalsze-informacje\/\"]}]},{\"@type\":\"ImageObject\",\"inLanguage\":\"en-US\",\"@id\":\"https:\/\/ptsop.org.pl\/dalsze-informacje\/#primaryimage\",\"url\":\"https:\/\/ptsop.org.pl\/wp-content\/uploads\/2024\/06\/logo-200x200-1.png\",\"contentUrl\":\"https:\/\/ptsop.org.pl\/wp-content\/uploads\/2024\/06\/logo-200x200-1.png\"},{\"@type\":\"BreadcrumbList\",\"@id\":\"https:\/\/ptsop.org.pl\/dalsze-informacje\/#breadcrumb\",\"itemListElement\":[{\"@type\":\"ListItem\",\"position\":1,\"name\":\"Strona g\u0142\u00f3wna\",\"item\":\"https:\/\/ptsop.org.pl\/\"},{\"@type\":\"ListItem\",\"position\":2,\"name\":\"Dalsze informacje\"}]},{\"@type\":\"WebSite\",\"@id\":\"https:\/\/ptsop.org.pl\/#website\",\"url\":\"https:\/\/ptsop.org.pl\/\",\"name\":\"Polskie Towarzystwo S\u0142u\u017cb Ochrony Przyrody\",\"description\":\"\",\"publisher\":{\"@id\":\"https:\/\/ptsop.org.pl\/#organization\"},\"potentialAction\":[{\"@type\":\"SearchAction\",\"target\":{\"@type\":\"EntryPoint\",\"urlTemplate\":\"https:\/\/ptsop.org.pl\/?s={search_term_string}\"},\"query-input\":{\"@type\":\"PropertyValueSpecification\",\"valueRequired\":true,\"valueName\":\"search_term_string\"}}],\"inLanguage\":\"en-US\"},{\"@type\":\"Organization\",\"@id\":\"https:\/\/ptsop.org.pl\/#organization\",\"name\":\"Polskie Towarzystwo S\u0142u\u017cb Ochrony Przyrody\",\"url\":\"https:\/\/ptsop.org.pl\/\",\"logo\":{\"@type\":\"ImageObject\",\"inLanguage\":\"en-US\",\"@id\":\"https:\/\/ptsop.org.pl\/#\/schema\/logo\/image\/\",\"url\":\"https:\/\/ptsop.org.pl\/wp-content\/uploads\/2024\/06\/Logo.png\",\"contentUrl\":\"https:\/\/ptsop.org.pl\/wp-content\/uploads\/2024\/06\/Logo.png\",\"width\":100,\"height\":94,\"caption\":\"Polskie Towarzystwo S\u0142u\u017cb Ochrony Przyrody\"},\"image\":{\"@id\":\"https:\/\/ptsop.org.pl\/#\/schema\/logo\/image\/\"},\"sameAs\":[\"https:\/\/www.facebook.com\/profile.php?id=100083281360529\"]}]}<\/script>\n<!-- \/ Yoast SEO plugin. -->","yoast_head_json":{"title":"Dalsze informacje - Polskie Towarzystwo S\u0142u\u017cb Ochrony Przyrody","robots":{"index":"index","follow":"follow","max-snippet":"max-snippet:-1","max-image-preview":"max-image-preview:large","max-video-preview":"max-video-preview:-1"},"canonical":"https:\/\/ptsop.org.pl\/en\/dalsze-informacje\/","og_locale":"en_US","og_type":"article","og_title":"Dalsze informacje - Polskie Towarzystwo S\u0142u\u017cb Ochrony Przyrody","og_description":"PTSOP jest cz\u0142onkiem \u015awiatowej Federacji Rangers\u00f3w od 2006 roku https:\/\/www.internationalrangers.org PTSOP jest cz\u0142onkiem \u015awiatowej Federacji Rangers\u00f3w od 2006 roku https:\/\/www.internationalrangers.org","og_url":"https:\/\/ptsop.org.pl\/en\/dalsze-informacje\/","og_site_name":"Polskie Towarzystwo S\u0142u\u017cb Ochrony Przyrody","article_publisher":"https:\/\/www.facebook.com\/profile.php?id=100083281360529","article_modified_time":"2024-07-03T13:21:31+00:00","og_image":[{"url":"https:\/\/ptsop.org.pl\/wp-content\/uploads\/2024\/06\/logo-200x200-1.png"}],"twitter_card":"summary_large_image","schema":{"@context":"https:\/\/schema.org","@graph":[{"@type":"WebPage","@id":"https:\/\/ptsop.org.pl\/dalsze-informacje\/","url":"https:\/\/ptsop.org.pl\/dalsze-informacje\/","name":"Dalsze informacje - Polskie Towarzystwo S\u0142u\u017cb Ochrony Przyrody","isPartOf":{"@id":"https:\/\/ptsop.org.pl\/#website"},"primaryImageOfPage":{"@id":"https:\/\/ptsop.org.pl\/dalsze-informacje\/#primaryimage"},"image":{"@id":"https:\/\/ptsop.org.pl\/dalsze-informacje\/#primaryimage"},"thumbnailUrl":"https:\/\/ptsop.org.pl\/wp-content\/uploads\/2024\/06\/logo-200x200-1.png","datePublished":"2024-06-21T09:34:31+00:00","dateModified":"2024-07-03T13:21:31+00:00","breadcrumb":{"@id":"https:\/\/ptsop.org.pl\/dalsze-informacje\/#breadcrumb"},"inLanguage":"en-US","potentialAction":[{"@type":"ReadAction","target":["https:\/\/ptsop.org.pl\/dalsze-informacje\/"]}]},{"@type":"ImageObject","inLanguage":"en-US","@id":"https:\/\/ptsop.org.pl\/dalsze-informacje\/#primaryimage","url":"https:\/\/ptsop.org.pl\/wp-content\/uploads\/2024\/06\/logo-200x200-1.png","contentUrl":"https:\/\/ptsop.org.pl\/wp-content\/uploads\/2024\/06\/logo-200x200-1.png"},{"@type":"BreadcrumbList","@id":"https:\/\/ptsop.org.pl\/dalsze-informacje\/#breadcrumb","itemListElement":[{"@type":"ListItem","position":1,"name":"Strona g\u0142\u00f3wna","item":"https:\/\/ptsop.org.pl\/"},{"@type":"ListItem","position":2,"name":"Dalsze informacje"}]},{"@type":"WebSite","@id":"https:\/\/ptsop.org.pl\/#website","url":"https:\/\/ptsop.org.pl\/","name":"Polskie Towarzystwo S\u0142u\u017cb Ochrony Przyrody","description":"","publisher":{"@id":"https:\/\/ptsop.org.pl\/#organization"},"potentialAction":[{"@type":"SearchAction","target":{"@type":"EntryPoint","urlTemplate":"https:\/\/ptsop.org.pl\/?s={search_term_string}"},"query-input":{"@type":"PropertyValueSpecification","valueRequired":true,"valueName":"search_term_string"}}],"inLanguage":"en-US"},{"@type":"Organization","@id":"https:\/\/ptsop.org.pl\/#organization","name":"Polskie Towarzystwo S\u0142u\u017cb Ochrony Przyrody","url":"https:\/\/ptsop.org.pl\/","logo":{"@type":"ImageObject","inLanguage":"en-US","@id":"https:\/\/ptsop.org.pl\/#\/schema\/logo\/image\/","url":"https:\/\/ptsop.org.pl\/wp-content\/uploads\/2024\/06\/Logo.png","contentUrl":"https:\/\/ptsop.org.pl\/wp-content\/uploads\/2024\/06\/Logo.png","width":100,"height":94,"caption":"Polskie Towarzystwo S\u0142u\u017cb Ochrony Przyrody"},"image":{"@id":"https:\/\/ptsop.org.pl\/#\/schema\/logo\/image\/"},"sameAs":["https:\/\/www.facebook.com\/profile.php?id=100083281360529"]}]}},"_links":{"self":[{"href":"https:\/\/ptsop.org.pl\/en\/wp-json\/wp\/v2\/pages\/1573","targetHints":{"allow":["GET"]}}],"collection":[{"href":"https:\/\/ptsop.org.pl\/en\/wp-json\/wp\/v2\/pages"}],"about":[{"href":"https:\/\/ptsop.org.pl\/en\/wp-json\/wp\/v2\/types\/page"}],"author":[{"embeddable":true,"href":"https:\/\/ptsop.org.pl\/en\/wp-json\/wp\/v2\/users\/1"}],"replies":[{"embeddable":true,"href":"https:\/\/ptsop.org.pl\/en\/wp-json\/wp\/v2\/comments?post=1573"}],"version-history":[{"count":103,"href":"https:\/\/ptsop.org.pl\/en\/wp-json\/wp\/v2\/pages\/1573\/revisions"}],"predecessor-version":[{"id":3640,"href":"https:\/\/ptsop.org.pl\/en\/wp-json\/wp\/v2\/pages\/1573\/revisions\/3640"}],"wp:attachment":[{"href":"https:\/\/ptsop.org.pl\/en\/wp-json\/wp\/v2\/media?parent=1573"}],"curies":[{"name":"wp","href":"https:\/\/api.w.org\/{rel}","templated":true}]}}