{"id":1575,"date":"2024-06-21T11:34:49","date_gmt":"2024-06-21T09:34:49","guid":{"rendered":"http:\/\/ptsop.org.pl\/?page_id=1575"},"modified":"2024-07-03T11:00:21","modified_gmt":"2024-07-03T09:00:21","slug":"misja","status":"publish","type":"page","link":"https:\/\/ptsop.org.pl\/en\/misja\/","title":{"rendered":"Mission"},"content":{"rendered":"<div data-elementor-type=\"wp-page\" data-elementor-id=\"1575\" class=\"elementor elementor-1575\" data-elementor-post-type=\"page\">\n\t\t\t\t<div data-particle_enable=\"false\" data-particle-mobile-disabled=\"false\" class=\"elementor-element elementor-element-391cf6a e-flex e-con-boxed e-con e-parent\" data-id=\"391cf6a\" data-element_type=\"container\" data-settings=\"{&quot;background_background&quot;:&quot;classic&quot;}\">\n\t\t\t\t\t<div class=\"e-con-inner\">\n\t\t<div data-particle_enable=\"false\" data-particle-mobile-disabled=\"false\" class=\"elementor-element elementor-element-b03a4fe e-con-full e-flex e-con e-child\" data-id=\"b03a4fe\" data-element_type=\"container\">\n\t\t\t\t<\/div>\n\t\t\t\t\t<\/div>\n\t\t\t\t<\/div>\n\t\t<div data-particle_enable=\"false\" data-particle-mobile-disabled=\"false\" class=\"elementor-element elementor-element-5899aba e-flex e-con-boxed e-con e-parent\" data-id=\"5899aba\" data-element_type=\"container\">\n\t\t\t\t\t<div class=\"e-con-inner\">\n\t\t<div data-particle_enable=\"false\" data-particle-mobile-disabled=\"false\" class=\"elementor-element elementor-element-e704a18 e-con-full e-flex e-con e-child\" data-id=\"e704a18\" data-element_type=\"container\" data-settings=\"{&quot;background_background&quot;:&quot;classic&quot;}\">\n\t\t\t\t<div class=\"elementor-element elementor-element-b3b2c66 elementor-widget elementor-widget-text-editor\" data-id=\"b3b2c66\" data-element_type=\"widget\" data-widget_type=\"text-editor.default\">\n\t\t\t\t<div class=\"elementor-widget-container\">\n\t\t\t\t\t\t\t<p class=\" translation-block\">An important goal of the Society is to establish cooperation between protected areas and nature protection services at both national and international levels. This will be facilitated through organizing meetings, conferences, and training sessions aimed at enhancing communication, sharing knowledge <img loading=\"lazy\" class=\"size-full wp-image-10 alignright\" src=\"https:\/\/ptsop.org.pl\/wp-content\/uploads\/2024\/06\/Logo.png\" alt=\"\" width=\"100\" height=\"94\"> and exchanging experiences. In later stages, this will enable us to influence national policy on nature conservation by preparing analyses, expert opinions, proposals, and effectively implementing conservation strategies developed by national and international organizations.<\/p><p>We want to promote the idea of nature conservation and raise the level of ecological education within society through publishing publications dedicated to the work of nature protection services, efforts to train new personnel, organizing educational programs, and providing assistance and support among Society members and non-members alike.<\/p>\t\t\t\t\t\t<\/div>\n\t\t\t\t<\/div>\n\t\t\t\t<div class=\"elementor-element elementor-element-e75616b elementor-widget elementor-widget-text-editor\" data-id=\"e75616b\" data-element_type=\"widget\" data-widget_type=\"text-editor.default\">\n\t\t\t\t<div class=\"elementor-widget-container\">\n\t\t\t\t\t\t\t<p>In the future, we plan to implement a program for exchanging nature protection service personnel between protected areas at both national and international levels. This initiative will significantly contribute to enhancing professional qualifications and professionalism.<\/p>\t\t\t\t\t\t<\/div>\n\t\t\t\t<\/div>\n\t\t\t\t<\/div>\n\t\t\t\t\t<\/div>\n\t\t\t\t<\/div>\n\t\t\t\t<\/div>","protected":false},"excerpt":{"rendered":"<p>Istotnym celem Towarzystwa jest nawi\u0105zanie wsp\u00f3\u0142pracy pomi\u0119dzy obszarami chronionymi oraz s\u0142u\u017cbami ochrony przyrody zar\u00f3wno w skali kraju jak i mi\u0119dzynarodowej. S\u0142u\u017cy\u0107 ma temu organizacja spotka\u0144, konferencji oraz szkole\u0144, kt\u00f3re u\u0142atwi\u0105 komunikacj\u0119, stworz\u0105 mo\u017cliwo\u015b\u0107 podzielenia si\u0119 wiedz\u0105 oraz wymiany do\u015bwiadcze\u0144. W p\u00f3\u017aniejszym etapie pozwoli to nam oddzia\u0142ywa\u0107 na polityk\u0119 pa\u0144stwa w zakresie organizacji ochrony przyrody poprzez [&hellip;]<\/p>","protected":false},"author":1,"featured_media":0,"parent":0,"menu_order":0,"comment_status":"closed","ping_status":"closed","template":"","meta":{"site-sidebar-layout":"no-sidebar","site-content-layout":"page-builder","ast-site-content-layout":"full-width-container","site-content-style":"default","site-sidebar-style":"default","ast-global-header-display":"","ast-banner-title-visibility":"","ast-main-header-display":"","ast-hfb-above-header-display":"","ast-hfb-below-header-display":"","ast-hfb-mobile-header-display":"","site-post-title":"disabled","ast-breadcrumbs-content":"","ast-featured-img":"disabled","footer-sml-layout":"","theme-transparent-header-meta":"","adv-header-id-meta":"","stick-header-meta":"","header-above-stick-meta":"","header-main-stick-meta":"","header-below-stick-meta":"","astra-migrate-meta-layouts":"set","ast-page-background-enabled":"default","ast-page-background-meta":{"desktop":{"background-color":"var(--ast-global-color-4)","background-image":"","background-repeat":"repeat","background-position":"center center","background-size":"auto","background-attachment":"scroll","background-type":"","background-media":"","overlay-type":"","overlay-color":"","overlay-opacity":"","overlay-gradient":""},"tablet":{"background-color":"","background-image":"","background-repeat":"repeat","background-position":"center center","background-size":"auto","background-attachment":"scroll","background-type":"","background-media":"","overlay-type":"","overlay-color":"","overlay-opacity":"","overlay-gradient":""},"mobile":{"background-color":"","background-image":"","background-repeat":"repeat","background-position":"center center","background-size":"auto","background-attachment":"scroll","background-type":"","background-media":"","overlay-type":"","overlay-color":"","overlay-opacity":"","overlay-gradient":""}},"ast-content-background-meta":{"desktop":{"background-color":"var(--ast-global-color-5)","background-image":"","background-repeat":"repeat","background-position":"center center","background-size":"auto","background-attachment":"scroll","background-type":"","background-media":"","overlay-type":"","overlay-color":"","overlay-opacity":"","overlay-gradient":""},"tablet":{"background-color":"var(--ast-global-color-5)","background-image":"","background-repeat":"repeat","background-position":"center center","background-size":"auto","background-attachment":"scroll","background-type":"","background-media":"","overlay-type":"","overlay-color":"","overlay-opacity":"","overlay-gradient":""},"mobile":{"background-color":"var(--ast-global-color-5)","background-image":"","background-repeat":"repeat","background-position":"center center","background-size":"auto","background-attachment":"scroll","background-type":"","background-media":"","overlay-type":"","overlay-color":"","overlay-opacity":"","overlay-gradient":""}},"footnotes":""},"class_list":["post-1575","page","type-page","status-publish","hentry"],"yoast_head":"<!-- This site is optimized with the Yoast SEO plugin v23.6 - https:\/\/yoast.com\/wordpress\/plugins\/seo\/ -->\n<title>Misja - Polskie Towarzystwo S\u0142u\u017cb Ochrony Przyrody<\/title>\n<meta name=\"robots\" content=\"index, follow, max-snippet:-1, max-image-preview:large, max-video-preview:-1\" \/>\n<link rel=\"canonical\" href=\"https:\/\/ptsop.org.pl\/en\/misja\/\" \/>\n<meta property=\"og:locale\" content=\"en_US\" \/>\n<meta property=\"og:type\" content=\"article\" \/>\n<meta property=\"og:title\" content=\"Misja - Polskie Towarzystwo S\u0142u\u017cb Ochrony Przyrody\" \/>\n<meta property=\"og:description\" content=\"Istotnym celem Towarzystwa jest nawi\u0105zanie wsp\u00f3\u0142pracy pomi\u0119dzy obszarami chronionymi oraz s\u0142u\u017cbami ochrony przyrody zar\u00f3wno w skali kraju jak i mi\u0119dzynarodowej. S\u0142u\u017cy\u0107 ma temu organizacja spotka\u0144, konferencji oraz szkole\u0144, kt\u00f3re u\u0142atwi\u0105 komunikacj\u0119, stworz\u0105 mo\u017cliwo\u015b\u0107 podzielenia si\u0119 wiedz\u0105 oraz wymiany do\u015bwiadcze\u0144. W p\u00f3\u017aniejszym etapie pozwoli to nam oddzia\u0142ywa\u0107 na polityk\u0119 pa\u0144stwa w zakresie organizacji ochrony przyrody poprzez [&hellip;]\" \/>\n<meta property=\"og:url\" content=\"https:\/\/ptsop.org.pl\/en\/misja\/\" \/>\n<meta property=\"og:site_name\" content=\"Polskie Towarzystwo S\u0142u\u017cb Ochrony Przyrody\" \/>\n<meta property=\"article:publisher\" content=\"https:\/\/www.facebook.com\/profile.php?id=100083281360529\" \/>\n<meta property=\"article:modified_time\" content=\"2024-07-03T09:00:21+00:00\" \/>\n<meta property=\"og:image\" content=\"https:\/\/ptsop.org.pl\/wp-content\/uploads\/2024\/06\/Logo.png\" \/>\n<meta name=\"twitter:card\" content=\"summary_large_image\" \/>\n<meta name=\"twitter:label1\" content=\"Est. reading time\" \/>\n\t<meta name=\"twitter:data1\" content=\"1 minute\" \/>\n<script type=\"application\/ld+json\" class=\"yoast-schema-graph\">{\"@context\":\"https:\/\/schema.org\",\"@graph\":[{\"@type\":\"WebPage\",\"@id\":\"https:\/\/ptsop.org.pl\/misja\/\",\"url\":\"https:\/\/ptsop.org.pl\/misja\/\",\"name\":\"Misja - Polskie Towarzystwo S\u0142u\u017cb Ochrony Przyrody\",\"isPartOf\":{\"@id\":\"https:\/\/ptsop.org.pl\/#website\"},\"primaryImageOfPage\":{\"@id\":\"https:\/\/ptsop.org.pl\/misja\/#primaryimage\"},\"image\":{\"@id\":\"https:\/\/ptsop.org.pl\/misja\/#primaryimage\"},\"thumbnailUrl\":\"https:\/\/ptsop.org.pl\/wp-content\/uploads\/2024\/06\/Logo.png\",\"datePublished\":\"2024-06-21T09:34:49+00:00\",\"dateModified\":\"2024-07-03T09:00:21+00:00\",\"breadcrumb\":{\"@id\":\"https:\/\/ptsop.org.pl\/misja\/#breadcrumb\"},\"inLanguage\":\"en-US\",\"potentialAction\":[{\"@type\":\"ReadAction\",\"target\":[\"https:\/\/ptsop.org.pl\/misja\/\"]}]},{\"@type\":\"ImageObject\",\"inLanguage\":\"en-US\",\"@id\":\"https:\/\/ptsop.org.pl\/misja\/#primaryimage\",\"url\":\"https:\/\/ptsop.org.pl\/wp-content\/uploads\/2024\/06\/Logo.png\",\"contentUrl\":\"https:\/\/ptsop.org.pl\/wp-content\/uploads\/2024\/06\/Logo.png\"},{\"@type\":\"BreadcrumbList\",\"@id\":\"https:\/\/ptsop.org.pl\/misja\/#breadcrumb\",\"itemListElement\":[{\"@type\":\"ListItem\",\"position\":1,\"name\":\"Strona g\u0142\u00f3wna\",\"item\":\"https:\/\/ptsop.org.pl\/\"},{\"@type\":\"ListItem\",\"position\":2,\"name\":\"Misja\"}]},{\"@type\":\"WebSite\",\"@id\":\"https:\/\/ptsop.org.pl\/#website\",\"url\":\"https:\/\/ptsop.org.pl\/\",\"name\":\"Polskie Towarzystwo S\u0142u\u017cb Ochrony Przyrody\",\"description\":\"\",\"publisher\":{\"@id\":\"https:\/\/ptsop.org.pl\/#organization\"},\"potentialAction\":[{\"@type\":\"SearchAction\",\"target\":{\"@type\":\"EntryPoint\",\"urlTemplate\":\"https:\/\/ptsop.org.pl\/?s={search_term_string}\"},\"query-input\":{\"@type\":\"PropertyValueSpecification\",\"valueRequired\":true,\"valueName\":\"search_term_string\"}}],\"inLanguage\":\"en-US\"},{\"@type\":\"Organization\",\"@id\":\"https:\/\/ptsop.org.pl\/#organization\",\"name\":\"Polskie Towarzystwo S\u0142u\u017cb Ochrony Przyrody\",\"url\":\"https:\/\/ptsop.org.pl\/\",\"logo\":{\"@type\":\"ImageObject\",\"inLanguage\":\"en-US\",\"@id\":\"https:\/\/ptsop.org.pl\/#\/schema\/logo\/image\/\",\"url\":\"https:\/\/ptsop.org.pl\/wp-content\/uploads\/2024\/06\/Logo.png\",\"contentUrl\":\"https:\/\/ptsop.org.pl\/wp-content\/uploads\/2024\/06\/Logo.png\",\"width\":100,\"height\":94,\"caption\":\"Polskie Towarzystwo S\u0142u\u017cb Ochrony Przyrody\"},\"image\":{\"@id\":\"https:\/\/ptsop.org.pl\/#\/schema\/logo\/image\/\"},\"sameAs\":[\"https:\/\/www.facebook.com\/profile.php?id=100083281360529\"]}]}<\/script>\n<!-- \/ Yoast SEO plugin. -->","yoast_head_json":{"title":"Misja - Polskie Towarzystwo S\u0142u\u017cb Ochrony Przyrody","robots":{"index":"index","follow":"follow","max-snippet":"max-snippet:-1","max-image-preview":"max-image-preview:large","max-video-preview":"max-video-preview:-1"},"canonical":"https:\/\/ptsop.org.pl\/en\/misja\/","og_locale":"en_US","og_type":"article","og_title":"Misja - Polskie Towarzystwo S\u0142u\u017cb Ochrony Przyrody","og_description":"Istotnym celem Towarzystwa jest nawi\u0105zanie wsp\u00f3\u0142pracy pomi\u0119dzy obszarami chronionymi oraz s\u0142u\u017cbami ochrony przyrody zar\u00f3wno w skali kraju jak i mi\u0119dzynarodowej. S\u0142u\u017cy\u0107 ma temu organizacja spotka\u0144, konferencji oraz szkole\u0144, kt\u00f3re u\u0142atwi\u0105 komunikacj\u0119, stworz\u0105 mo\u017cliwo\u015b\u0107 podzielenia si\u0119 wiedz\u0105 oraz wymiany do\u015bwiadcze\u0144. W p\u00f3\u017aniejszym etapie pozwoli to nam oddzia\u0142ywa\u0107 na polityk\u0119 pa\u0144stwa w zakresie organizacji ochrony przyrody poprzez [&hellip;]","og_url":"https:\/\/ptsop.org.pl\/en\/misja\/","og_site_name":"Polskie Towarzystwo S\u0142u\u017cb Ochrony Przyrody","article_publisher":"https:\/\/www.facebook.com\/profile.php?id=100083281360529","article_modified_time":"2024-07-03T09:00:21+00:00","og_image":[{"url":"https:\/\/ptsop.org.pl\/wp-content\/uploads\/2024\/06\/Logo.png"}],"twitter_card":"summary_large_image","twitter_misc":{"Est. reading time":"1 minute"},"schema":{"@context":"https:\/\/schema.org","@graph":[{"@type":"WebPage","@id":"https:\/\/ptsop.org.pl\/misja\/","url":"https:\/\/ptsop.org.pl\/misja\/","name":"Misja - Polskie Towarzystwo S\u0142u\u017cb Ochrony Przyrody","isPartOf":{"@id":"https:\/\/ptsop.org.pl\/#website"},"primaryImageOfPage":{"@id":"https:\/\/ptsop.org.pl\/misja\/#primaryimage"},"image":{"@id":"https:\/\/ptsop.org.pl\/misja\/#primaryimage"},"thumbnailUrl":"https:\/\/ptsop.org.pl\/wp-content\/uploads\/2024\/06\/Logo.png","datePublished":"2024-06-21T09:34:49+00:00","dateModified":"2024-07-03T09:00:21+00:00","breadcrumb":{"@id":"https:\/\/ptsop.org.pl\/misja\/#breadcrumb"},"inLanguage":"en-US","potentialAction":[{"@type":"ReadAction","target":["https:\/\/ptsop.org.pl\/misja\/"]}]},{"@type":"ImageObject","inLanguage":"en-US","@id":"https:\/\/ptsop.org.pl\/misja\/#primaryimage","url":"https:\/\/ptsop.org.pl\/wp-content\/uploads\/2024\/06\/Logo.png","contentUrl":"https:\/\/ptsop.org.pl\/wp-content\/uploads\/2024\/06\/Logo.png"},{"@type":"BreadcrumbList","@id":"https:\/\/ptsop.org.pl\/misja\/#breadcrumb","itemListElement":[{"@type":"ListItem","position":1,"name":"Strona g\u0142\u00f3wna","item":"https:\/\/ptsop.org.pl\/"},{"@type":"ListItem","position":2,"name":"Misja"}]},{"@type":"WebSite","@id":"https:\/\/ptsop.org.pl\/#website","url":"https:\/\/ptsop.org.pl\/","name":"Polskie Towarzystwo S\u0142u\u017cb Ochrony Przyrody","description":"","publisher":{"@id":"https:\/\/ptsop.org.pl\/#organization"},"potentialAction":[{"@type":"SearchAction","target":{"@type":"EntryPoint","urlTemplate":"https:\/\/ptsop.org.pl\/?s={search_term_string}"},"query-input":{"@type":"PropertyValueSpecification","valueRequired":true,"valueName":"search_term_string"}}],"inLanguage":"en-US"},{"@type":"Organization","@id":"https:\/\/ptsop.org.pl\/#organization","name":"Polskie Towarzystwo S\u0142u\u017cb Ochrony Przyrody","url":"https:\/\/ptsop.org.pl\/","logo":{"@type":"ImageObject","inLanguage":"en-US","@id":"https:\/\/ptsop.org.pl\/#\/schema\/logo\/image\/","url":"https:\/\/ptsop.org.pl\/wp-content\/uploads\/2024\/06\/Logo.png","contentUrl":"https:\/\/ptsop.org.pl\/wp-content\/uploads\/2024\/06\/Logo.png","width":100,"height":94,"caption":"Polskie Towarzystwo S\u0142u\u017cb Ochrony Przyrody"},"image":{"@id":"https:\/\/ptsop.org.pl\/#\/schema\/logo\/image\/"},"sameAs":["https:\/\/www.facebook.com\/profile.php?id=100083281360529"]}]}},"_links":{"self":[{"href":"https:\/\/ptsop.org.pl\/en\/wp-json\/wp\/v2\/pages\/1575","targetHints":{"allow":["GET"]}}],"collection":[{"href":"https:\/\/ptsop.org.pl\/en\/wp-json\/wp\/v2\/pages"}],"about":[{"href":"https:\/\/ptsop.org.pl\/en\/wp-json\/wp\/v2\/types\/page"}],"author":[{"embeddable":true,"href":"https:\/\/ptsop.org.pl\/en\/wp-json\/wp\/v2\/users\/1"}],"replies":[{"embeddable":true,"href":"https:\/\/ptsop.org.pl\/en\/wp-json\/wp\/v2\/comments?post=1575"}],"version-history":[{"count":43,"href":"https:\/\/ptsop.org.pl\/en\/wp-json\/wp\/v2\/pages\/1575\/revisions"}],"predecessor-version":[{"id":3541,"href":"https:\/\/ptsop.org.pl\/en\/wp-json\/wp\/v2\/pages\/1575\/revisions\/3541"}],"wp:attachment":[{"href":"https:\/\/ptsop.org.pl\/en\/wp-json\/wp\/v2\/media?parent=1575"}],"curies":[{"name":"wp","href":"https:\/\/api.w.org\/{rel}","templated":true}]}}