{"id":3712,"date":"2024-07-03T16:41:07","date_gmt":"2024-07-03T14:41:07","guid":{"rendered":"http:\/\/ptsop.org.pl\/?page_id=3712"},"modified":"2024-07-04T09:46:01","modified_gmt":"2024-07-04T07:46:01","slug":"polityka-cookies","status":"publish","type":"page","link":"https:\/\/ptsop.org.pl\/en\/polityka-cookies\/","title":{"rendered":"Cookie Policy"},"content":{"rendered":"<div data-elementor-type=\"wp-page\" data-elementor-id=\"3712\" class=\"elementor elementor-3712\" data-elementor-post-type=\"page\">\n\t\t\t\t<div data-particle_enable=\"false\" data-particle-mobile-disabled=\"false\" class=\"elementor-element elementor-element-be9b85a e-flex e-con-boxed e-con e-parent\" data-id=\"be9b85a\" data-element_type=\"container\" data-settings=\"{&quot;background_background&quot;:&quot;classic&quot;}\">\n\t\t\t\t\t<div class=\"e-con-inner\">\n\t\t<div data-particle_enable=\"false\" data-particle-mobile-disabled=\"false\" class=\"elementor-element elementor-element-d36f1fc e-con-full e-flex e-con e-child\" data-id=\"d36f1fc\" data-element_type=\"container\">\n\t\t\t\t<\/div>\n\t\t\t\t\t<\/div>\n\t\t\t\t<\/div>\n\t\t<div data-particle_enable=\"false\" data-particle-mobile-disabled=\"false\" class=\"elementor-element elementor-element-55df0db e-flex e-con-boxed e-con e-parent\" data-id=\"55df0db\" data-element_type=\"container\">\n\t\t\t\t\t<div class=\"e-con-inner\">\n\t\t\t\t<div class=\"elementor-element elementor-element-e513893 elementor-widget elementor-widget-text-editor\" data-id=\"e513893\" data-element_type=\"widget\" data-widget_type=\"text-editor.default\">\n\t\t\t\t<div class=\"elementor-widget-container\">\n\t\t\t\t\t\t\t<p><strong>Polish Society for Nature Protection Services<\/strong><br \/>Gawrych Ruda 58<br \/>16-402 Suwa\u0142ki<br \/>Email contact: ptsop@ptsop.org.pl<\/p><p><strong>Introduction<\/strong><br \/>Polskie Towarzystwo S\u0142u\u017cb Ochrony Przyrody (hereinafter \"PTSOP\") values the privacy of users visiting our website. Therefore, we present our Cookie Policy, which explains how we use cookies and other tracking technologies on our website.<\/p><p><strong>What are cookies?<\/strong><br \/>Cookies are small text files stored on a user's device (such as a computer, tablet, or smartphone) while browsing websites. They serve various purposes, such as improving website functionality, analyzing traffic on the site, and customizing content based on user preferences.<\/p><p class=\" translation-block\"><strong>Types of cookies<\/strong><br>\nSession cookies \u2013 these are temporary files stored on a user's device until they log out from the website or close the web browser.<br>\nPersistent cookies \u2013 these remain on a user's device for a specified period or until manually deleted. These cookies help us recognize you on your next visit.<br>\nFirst-party cookies \u2013 cookies set by our website.<br>\nThird-party cookies \u2013 cookies set by external partners, such as Google Analytics, for analyzing visitor statistics or delivering personalized content.<\/p><p class=\" translation-block\"><b>Purpose of using cookies<\/b><br>\nEssential \u2013 these cookies are crucial for the functioning of the website. Without them, some features may not work correctly.<br>\nAnalytical \u2013 these cookies help us understand how users interact with our website, enabling us to improve it.<br>\nFunctional \u2013 these cookies allow us to remember user settings and preferences, such as language selection.<br>\nAdvertising \u2013 these cookies enable the delivery of personalized advertising content.<\/p><p><strong>Managing cookies<\/strong><br \/>Most web browsers accept cookies by default. Users have the option to change their browser settings to reject cookies or to be notified when cookies are being sent. It's important to note that disabling cookies may impact the functionality of the website.<\/p><p><strong>Jak zarz\u0105dza\u0107 plikami cookies w przegl\u0105darkach internetowych?<\/strong><br \/>Instrukcje zarz\u0105dzania plikami cookies mo\u017cna znale\u017a\u0107 w ustawieniach przegl\u0105darki. Poni\u017cej przedstawiamy linki do stron pomocy najpopularniejszych przegl\u0105darek:<\/p><p>Google Chrome<br \/>Mozilla Firefox<br \/>Microsoft Edge<br \/>Safari<\/p><p><strong>Contact<\/strong><br \/>If you have any questions regarding our Cookie Policy, please contact us at the email address: ptsop@ptsop.org.pl<\/p><p><strong>Changes to the Cookie Policy<\/strong><br \/>PTSOP reserves the right to make changes to the Cookie Policy. Any changes will be published on this page.<\/p><p>Last updated: July 3, 2024<\/p>\t\t\t\t\t\t<\/div>\n\t\t\t\t<\/div>\n\t\t\t\t\t<\/div>\n\t\t\t\t<\/div>\n\t\t\t\t<\/div>","protected":false},"excerpt":{"rendered":"<p>Polskie Towarzystwo S\u0142u\u017cb Ochrony PrzyrodyGawrych Ruda 5816-402 Suwa\u0142kiKontakt e-mail: ptsop@ptsop.org.pl WprowadzeniePolskie Towarzystwo S\u0142u\u017cb Ochrony Przyrody (dalej &#8222;PTSOP&#8221;) dba o prywatno\u015b\u0107 u\u017cytkownik\u00f3w odwiedzaj\u0105cych nasz\u0105 stron\u0119 internetow\u0105. W zwi\u0105zku z tym przedstawiamy nasz\u0105 Polityk\u0119 cookies, kt\u00f3ra wyja\u015bnia, w jaki spos\u00f3b u\u017cywamy plik\u00f3w cookies oraz innych technologii \u015bledz\u0105cych na naszej stronie internetowej. Czym s\u0105 pliki cookies?Pliki cookies to [&hellip;]<\/p>","protected":false},"author":1,"featured_media":0,"parent":0,"menu_order":0,"comment_status":"closed","ping_status":"closed","template":"","meta":{"site-sidebar-layout":"no-sidebar","site-content-layout":"page-builder","ast-site-content-layout":"full-width-container","site-content-style":"default","site-sidebar-style":"default","ast-global-header-display":"","ast-banner-title-visibility":"","ast-main-header-display":"","ast-hfb-above-header-display":"","ast-hfb-below-header-display":"","ast-hfb-mobile-header-display":"","site-post-title":"disabled","ast-breadcrumbs-content":"","ast-featured-img":"disabled","footer-sml-layout":"","theme-transparent-header-meta":"default","adv-header-id-meta":"","stick-header-meta":"","header-above-stick-meta":"","header-main-stick-meta":"","header-below-stick-meta":"","astra-migrate-meta-layouts":"set","ast-page-background-enabled":"default","ast-page-background-meta":{"desktop":{"background-color":"var(--ast-global-color-4)","background-image":"","background-repeat":"repeat","background-position":"center center","background-size":"auto","background-attachment":"scroll","background-type":"","background-media":"","overlay-type":"","overlay-color":"","overlay-opacity":"","overlay-gradient":""},"tablet":{"background-color":"","background-image":"","background-repeat":"repeat","background-position":"center center","background-size":"auto","background-attachment":"scroll","background-type":"","background-media":"","overlay-type":"","overlay-color":"","overlay-opacity":"","overlay-gradient":""},"mobile":{"background-color":"","background-image":"","background-repeat":"repeat","background-position":"center center","background-size":"auto","background-attachment":"scroll","background-type":"","background-media":"","overlay-type":"","overlay-color":"","overlay-opacity":"","overlay-gradient":""}},"ast-content-background-meta":{"desktop":{"background-color":"var(--ast-global-color-5)","background-image":"","background-repeat":"repeat","background-position":"center center","background-size":"auto","background-attachment":"scroll","background-type":"","background-media":"","overlay-type":"","overlay-color":"","overlay-opacity":"","overlay-gradient":""},"tablet":{"background-color":"var(--ast-global-color-5)","background-image":"","background-repeat":"repeat","background-position":"center center","background-size":"auto","background-attachment":"scroll","background-type":"","background-media":"","overlay-type":"","overlay-color":"","overlay-opacity":"","overlay-gradient":""},"mobile":{"background-color":"var(--ast-global-color-5)","background-image":"","background-repeat":"repeat","background-position":"center center","background-size":"auto","background-attachment":"scroll","background-type":"","background-media":"","overlay-type":"","overlay-color":"","overlay-opacity":"","overlay-gradient":""}},"footnotes":""},"class_list":["post-3712","page","type-page","status-publish","hentry"],"yoast_head":"<!-- This site is optimized with the Yoast SEO plugin v23.6 - https:\/\/yoast.com\/wordpress\/plugins\/seo\/ -->\n<title>Polityka cookies - Polskie Towarzystwo S\u0142u\u017cb Ochrony Przyrody<\/title>\n<meta name=\"robots\" content=\"index, follow, max-snippet:-1, max-image-preview:large, max-video-preview:-1\" \/>\n<link rel=\"canonical\" href=\"https:\/\/ptsop.org.pl\/en\/polityka-cookies\/\" \/>\n<meta property=\"og:locale\" content=\"en_US\" \/>\n<meta property=\"og:type\" content=\"article\" \/>\n<meta property=\"og:title\" content=\"Polityka cookies - Polskie Towarzystwo S\u0142u\u017cb Ochrony Przyrody\" \/>\n<meta property=\"og:description\" content=\"Polskie Towarzystwo S\u0142u\u017cb Ochrony PrzyrodyGawrych Ruda 5816-402 Suwa\u0142kiKontakt e-mail: ptsop@ptsop.org.pl WprowadzeniePolskie Towarzystwo S\u0142u\u017cb Ochrony Przyrody (dalej &#8222;PTSOP&#8221;) dba o prywatno\u015b\u0107 u\u017cytkownik\u00f3w odwiedzaj\u0105cych nasz\u0105 stron\u0119 internetow\u0105. W zwi\u0105zku z tym przedstawiamy nasz\u0105 Polityk\u0119 cookies, kt\u00f3ra wyja\u015bnia, w jaki spos\u00f3b u\u017cywamy plik\u00f3w cookies oraz innych technologii \u015bledz\u0105cych na naszej stronie internetowej. Czym s\u0105 pliki cookies?Pliki cookies to [&hellip;]\" \/>\n<meta property=\"og:url\" content=\"https:\/\/ptsop.org.pl\/en\/polityka-cookies\/\" \/>\n<meta property=\"og:site_name\" content=\"Polskie Towarzystwo S\u0142u\u017cb Ochrony Przyrody\" \/>\n<meta property=\"article:publisher\" content=\"https:\/\/www.facebook.com\/profile.php?id=100083281360529\" \/>\n<meta property=\"article:modified_time\" content=\"2024-07-04T07:46:01+00:00\" \/>\n<meta name=\"twitter:card\" content=\"summary_large_image\" \/>\n<meta name=\"twitter:label1\" content=\"Est. reading time\" \/>\n\t<meta name=\"twitter:data1\" content=\"2 minutes\" \/>\n<script type=\"application\/ld+json\" class=\"yoast-schema-graph\">{\"@context\":\"https:\/\/schema.org\",\"@graph\":[{\"@type\":\"WebPage\",\"@id\":\"https:\/\/ptsop.org.pl\/polityka-cookies\/\",\"url\":\"https:\/\/ptsop.org.pl\/polityka-cookies\/\",\"name\":\"Polityka cookies - Polskie Towarzystwo S\u0142u\u017cb Ochrony Przyrody\",\"isPartOf\":{\"@id\":\"https:\/\/ptsop.org.pl\/#website\"},\"datePublished\":\"2024-07-03T14:41:07+00:00\",\"dateModified\":\"2024-07-04T07:46:01+00:00\",\"breadcrumb\":{\"@id\":\"https:\/\/ptsop.org.pl\/polityka-cookies\/#breadcrumb\"},\"inLanguage\":\"en-US\",\"potentialAction\":[{\"@type\":\"ReadAction\",\"target\":[\"https:\/\/ptsop.org.pl\/polityka-cookies\/\"]}]},{\"@type\":\"BreadcrumbList\",\"@id\":\"https:\/\/ptsop.org.pl\/polityka-cookies\/#breadcrumb\",\"itemListElement\":[{\"@type\":\"ListItem\",\"position\":1,\"name\":\"Strona g\u0142\u00f3wna\",\"item\":\"https:\/\/ptsop.org.pl\/\"},{\"@type\":\"ListItem\",\"position\":2,\"name\":\"Polityka cookies\"}]},{\"@type\":\"WebSite\",\"@id\":\"https:\/\/ptsop.org.pl\/#website\",\"url\":\"https:\/\/ptsop.org.pl\/\",\"name\":\"Polskie Towarzystwo S\u0142u\u017cb Ochrony Przyrody\",\"description\":\"\",\"publisher\":{\"@id\":\"https:\/\/ptsop.org.pl\/#organization\"},\"potentialAction\":[{\"@type\":\"SearchAction\",\"target\":{\"@type\":\"EntryPoint\",\"urlTemplate\":\"https:\/\/ptsop.org.pl\/?s={search_term_string}\"},\"query-input\":{\"@type\":\"PropertyValueSpecification\",\"valueRequired\":true,\"valueName\":\"search_term_string\"}}],\"inLanguage\":\"en-US\"},{\"@type\":\"Organization\",\"@id\":\"https:\/\/ptsop.org.pl\/#organization\",\"name\":\"Polskie Towarzystwo S\u0142u\u017cb Ochrony Przyrody\",\"url\":\"https:\/\/ptsop.org.pl\/\",\"logo\":{\"@type\":\"ImageObject\",\"inLanguage\":\"en-US\",\"@id\":\"https:\/\/ptsop.org.pl\/#\/schema\/logo\/image\/\",\"url\":\"https:\/\/ptsop.org.pl\/wp-content\/uploads\/2024\/06\/Logo.png\",\"contentUrl\":\"https:\/\/ptsop.org.pl\/wp-content\/uploads\/2024\/06\/Logo.png\",\"width\":100,\"height\":94,\"caption\":\"Polskie Towarzystwo S\u0142u\u017cb Ochrony Przyrody\"},\"image\":{\"@id\":\"https:\/\/ptsop.org.pl\/#\/schema\/logo\/image\/\"},\"sameAs\":[\"https:\/\/www.facebook.com\/profile.php?id=100083281360529\"]}]}<\/script>\n<!-- \/ Yoast SEO plugin. -->","yoast_head_json":{"title":"Polityka cookies - Polskie Towarzystwo S\u0142u\u017cb Ochrony Przyrody","robots":{"index":"index","follow":"follow","max-snippet":"max-snippet:-1","max-image-preview":"max-image-preview:large","max-video-preview":"max-video-preview:-1"},"canonical":"https:\/\/ptsop.org.pl\/en\/polityka-cookies\/","og_locale":"en_US","og_type":"article","og_title":"Polityka cookies - Polskie Towarzystwo S\u0142u\u017cb Ochrony Przyrody","og_description":"Polskie Towarzystwo S\u0142u\u017cb Ochrony PrzyrodyGawrych Ruda 5816-402 Suwa\u0142kiKontakt e-mail: ptsop@ptsop.org.pl WprowadzeniePolskie Towarzystwo S\u0142u\u017cb Ochrony Przyrody (dalej &#8222;PTSOP&#8221;) dba o prywatno\u015b\u0107 u\u017cytkownik\u00f3w odwiedzaj\u0105cych nasz\u0105 stron\u0119 internetow\u0105. W zwi\u0105zku z tym przedstawiamy nasz\u0105 Polityk\u0119 cookies, kt\u00f3ra wyja\u015bnia, w jaki spos\u00f3b u\u017cywamy plik\u00f3w cookies oraz innych technologii \u015bledz\u0105cych na naszej stronie internetowej. Czym s\u0105 pliki cookies?Pliki cookies to [&hellip;]","og_url":"https:\/\/ptsop.org.pl\/en\/polityka-cookies\/","og_site_name":"Polskie Towarzystwo S\u0142u\u017cb Ochrony Przyrody","article_publisher":"https:\/\/www.facebook.com\/profile.php?id=100083281360529","article_modified_time":"2024-07-04T07:46:01+00:00","twitter_card":"summary_large_image","twitter_misc":{"Est. reading time":"2 minutes"},"schema":{"@context":"https:\/\/schema.org","@graph":[{"@type":"WebPage","@id":"https:\/\/ptsop.org.pl\/polityka-cookies\/","url":"https:\/\/ptsop.org.pl\/polityka-cookies\/","name":"Polityka cookies - Polskie Towarzystwo S\u0142u\u017cb Ochrony Przyrody","isPartOf":{"@id":"https:\/\/ptsop.org.pl\/#website"},"datePublished":"2024-07-03T14:41:07+00:00","dateModified":"2024-07-04T07:46:01+00:00","breadcrumb":{"@id":"https:\/\/ptsop.org.pl\/polityka-cookies\/#breadcrumb"},"inLanguage":"en-US","potentialAction":[{"@type":"ReadAction","target":["https:\/\/ptsop.org.pl\/polityka-cookies\/"]}]},{"@type":"BreadcrumbList","@id":"https:\/\/ptsop.org.pl\/polityka-cookies\/#breadcrumb","itemListElement":[{"@type":"ListItem","position":1,"name":"Strona g\u0142\u00f3wna","item":"https:\/\/ptsop.org.pl\/"},{"@type":"ListItem","position":2,"name":"Polityka cookies"}]},{"@type":"WebSite","@id":"https:\/\/ptsop.org.pl\/#website","url":"https:\/\/ptsop.org.pl\/","name":"Polskie Towarzystwo S\u0142u\u017cb Ochrony Przyrody","description":"","publisher":{"@id":"https:\/\/ptsop.org.pl\/#organization"},"potentialAction":[{"@type":"SearchAction","target":{"@type":"EntryPoint","urlTemplate":"https:\/\/ptsop.org.pl\/?s={search_term_string}"},"query-input":{"@type":"PropertyValueSpecification","valueRequired":true,"valueName":"search_term_string"}}],"inLanguage":"en-US"},{"@type":"Organization","@id":"https:\/\/ptsop.org.pl\/#organization","name":"Polskie Towarzystwo S\u0142u\u017cb Ochrony Przyrody","url":"https:\/\/ptsop.org.pl\/","logo":{"@type":"ImageObject","inLanguage":"en-US","@id":"https:\/\/ptsop.org.pl\/#\/schema\/logo\/image\/","url":"https:\/\/ptsop.org.pl\/wp-content\/uploads\/2024\/06\/Logo.png","contentUrl":"https:\/\/ptsop.org.pl\/wp-content\/uploads\/2024\/06\/Logo.png","width":100,"height":94,"caption":"Polskie Towarzystwo S\u0142u\u017cb Ochrony Przyrody"},"image":{"@id":"https:\/\/ptsop.org.pl\/#\/schema\/logo\/image\/"},"sameAs":["https:\/\/www.facebook.com\/profile.php?id=100083281360529"]}]}},"_links":{"self":[{"href":"https:\/\/ptsop.org.pl\/en\/wp-json\/wp\/v2\/pages\/3712","targetHints":{"allow":["GET"]}}],"collection":[{"href":"https:\/\/ptsop.org.pl\/en\/wp-json\/wp\/v2\/pages"}],"about":[{"href":"https:\/\/ptsop.org.pl\/en\/wp-json\/wp\/v2\/types\/page"}],"author":[{"embeddable":true,"href":"https:\/\/ptsop.org.pl\/en\/wp-json\/wp\/v2\/users\/1"}],"replies":[{"embeddable":true,"href":"https:\/\/ptsop.org.pl\/en\/wp-json\/wp\/v2\/comments?post=3712"}],"version-history":[{"count":7,"href":"https:\/\/ptsop.org.pl\/en\/wp-json\/wp\/v2\/pages\/3712\/revisions"}],"predecessor-version":[{"id":3788,"href":"https:\/\/ptsop.org.pl\/en\/wp-json\/wp\/v2\/pages\/3712\/revisions\/3788"}],"wp:attachment":[{"href":"https:\/\/ptsop.org.pl\/en\/wp-json\/wp\/v2\/media?parent=3712"}],"curies":[{"name":"wp","href":"https:\/\/api.w.org\/{rel}","templated":true}]}}